{"id":61,"date":"2020-01-23T18:21:52","date_gmt":"2020-01-23T18:21:52","guid":{"rendered":"https:\/\/demosites.io\/web-agency-gb\/?page_id=61"},"modified":"2025-11-16T15:42:57","modified_gmt":"2025-11-16T15:42:57","slug":"ueber-uns","status":"publish","type":"page","link":"https:\/\/notencocktail.de\/\/ueber-uns","title":{"rendered":"\u00dcber uns"},"content":{"rendered":"\n<div class=\"wp-block-cover alignfull\" style=\"min-height:300px;aspect-ratio:unset;\"><span aria-hidden=\"true\" class=\"wp-block-cover__background has-nv-site-bg-background-color has-background-dim-100 has-background-dim\"><\/span><div class=\"wp-block-cover__inner-container is-layout-flow wp-block-cover-is-layout-flow\">\n<div class=\"wp-block-group\"><div class=\"wp-block-group__inner-container is-layout-flow wp-block-group-is-layout-flow\">\n<h1 class=\"wp-block-heading has-text-align-left has-neve-text-color-color has-text-color\" style=\"padding-top:0;padding-bottom:0\">\u00dcber uns<\/h1>\n<\/div><\/div>\n<\/div><\/div>\n\n\n\n<div class=\"wp-block-cover alignfull\" style=\"min-height:600px;aspect-ratio:unset;\"><span aria-hidden=\"true\" class=\"wp-block-cover__background has-nv-light-bg-background-color has-background-dim-100 has-background-dim\"><\/span><div class=\"wp-block-cover__inner-container is-layout-flow wp-block-cover-is-layout-flow\">\n<div class=\"wp-block-group\"><div class=\"wp-block-group__inner-container is-layout-flow wp-block-group-is-layout-flow\">\n<div style=\"height:80px\" aria-hidden=\"true\" class=\"wp-block-spacer\"><\/div>\n\n\n\n<div class=\"wp-block-columns are-vertically-aligned-center has-neve-text-color-color has-text-color is-layout-flex wp-container-core-columns-is-layout-9d6595d7 wp-block-columns-is-layout-flex\">\n<div class=\"wp-block-column is-vertically-aligned-center is-layout-flow wp-block-column-is-layout-flow\" style=\"flex-basis:50%\">\n<figure class=\"wp-block-image size-full\"><img loading=\"lazy\" decoding=\"async\" width=\"1200\" height=\"1200\" src=\"https:\/\/notencocktail.de\/wp-content\/uploads\/2024\/11\/Opfenbacher-Notencocktail-2.png\" alt=\"\" class=\"wp-image-464\" srcset=\"https:\/\/notencocktail.de\/wp-content\/uploads\/2024\/11\/Opfenbacher-Notencocktail-2.png 1200w, https:\/\/notencocktail.de\/wp-content\/uploads\/2024\/11\/Opfenbacher-Notencocktail-2-300x300.png 300w, https:\/\/notencocktail.de\/wp-content\/uploads\/2024\/11\/Opfenbacher-Notencocktail-2-1024x1024.png 1024w, https:\/\/notencocktail.de\/wp-content\/uploads\/2024\/11\/Opfenbacher-Notencocktail-2-150x150.png 150w, https:\/\/notencocktail.de\/wp-content\/uploads\/2024\/11\/Opfenbacher-Notencocktail-2-768x768.png 768w\" sizes=\"auto, (max-width: 1200px) 100vw, 1200px\" \/><\/figure>\n<\/div>\n\n\n\n<div class=\"wp-block-column is-vertically-aligned-center is-layout-flow wp-block-column-is-layout-flow\" style=\"flex-basis:50%\">\n<h2 class=\"wp-block-heading has-neve-text-color-color has-text-color\" style=\"padding-right:var(--wp--preset--spacing--50);padding-left:var(--wp--preset--spacing--50)\">Wer wir sind? <\/h2>\n\n\n\n<p class=\"has-neve-text-color-color has-text-color\" style=\"padding-top:0;padding-right:var(--wp--preset--spacing--50);padding-bottom:0;padding-left:var(--wp--preset--spacing--50)\">Wir, der Notencocktail, das ist eine bunt gemischte Gruppe aus rund 70 S\u00e4ngerinnen und S\u00e4ngern zwischen 14 und 60 Jahren, die alle eines verbindet: Die Liebe zur Musik!<br>Im Jahr 1980 gegr\u00fcndet von Gottfried Duller als \u201cJugendchor Opfenbach\u201d, hat Michael Spiegel im Jahr 2000 die musikalische Leitung \u00fcbernommen. Nach \u00fcber 22 Jahren hat Michael den Taktstock an unseren neuen Dirigenten Wenzel Weiland \u00fcbergeben. Wenzel leitet den Notencocktail seit November 2022 und probt seither Woche f\u00fcr Woche mit uns gemeinsam an neuen Arrangements.<br>In den Proben wird nicht nur gesungen, sondern auch viel gelacht.<br>Mit Leidenschaft, Feingef\u00fchl und viel Humor schafft es Wenzel, uns Woche f\u00fcr Woche mitzurei\u00dfen und musikalisch herauszufordern.<\/p>\n<\/div>\n<\/div>\n\n\n\n<div style=\"height:40px\" aria-hidden=\"true\" class=\"wp-block-spacer\"><\/div>\n<\/div><\/div>\n<\/div><\/div>\n\n\n\n<div class=\"wp-block-cover alignfull\" style=\"min-height:600px;aspect-ratio:unset;\"><span aria-hidden=\"true\" class=\"wp-block-cover__background has-nv-dark-bg-background-color has-background-dim-100 has-background-dim\"><\/span><div class=\"wp-block-cover__inner-container is-layout-flow wp-block-cover-is-layout-flow\">\n<div class=\"wp-block-group\"><div class=\"wp-block-group__inner-container is-layout-flow wp-block-group-is-layout-flow\">\n<div style=\"height:80px\" aria-hidden=\"true\" class=\"wp-block-spacer\"><\/div>\n\n\n\n<div class=\"wp-block-columns are-vertically-aligned-center is-layout-flex wp-container-core-columns-is-layout-ed5226f6 wp-block-columns-is-layout-flex\" style=\"border-style:none;border-width:0px;border-radius:0px;padding-right:0;padding-left:0\">\n<div class=\"wp-block-column is-vertically-aligned-center is-layout-flow wp-block-column-is-layout-flow\" style=\"flex-basis:50%\">\n<h2 class=\"wp-block-heading has-nv-text-dark-bg-color has-text-color\" style=\"padding-right:var(--wp--preset--spacing--50);padding-left:var(--wp--preset--spacing--50)\">Lust zu singen? M\u00e4nner, jetzt seid ihr gefragt!<\/h2>\n\n\n\n<p class=\"has-nv-text-dark-bg-color has-text-color\" style=\"padding-right:var(--wp--preset--spacing--50);padding-left:var(--wp--preset--spacing--50)\">Unser Notencocktail ist gerade bestens gemixt \u2013 zumindest, was die Frauenstimmen angeht. Aktuell haben wir bei Sopran und Alt leider keinen Platz mehr im Glas. Aber unser Chor ist immer auf der Suche nach m\u00e4nnlichen Noten!<\/p>\n\n\n\n<p class=\"has-nv-text-dark-bg-color has-text-color\" style=\"padding-right:var(--wp--preset--spacing--50);padding-left:var(--wp--preset--spacing--50)\">Ob warmer Bass oder strahlender Tenor \u2013 wenn du Lust hast zu singen, bist du bei uns goldrichtig.&nbsp;<\/p>\n\n\n\n<p class=\"has-nv-text-dark-bg-color has-text-color\" style=\"padding-right:var(--wp--preset--spacing--50);padding-left:var(--wp--preset--spacing--50)\"><strong>Wann und wo?<\/strong><br>Unsere Proben finden immer Mittwochs von 20:00 bis 21:30 Uhr im St. Anna-Haus in Opfenbach statt. Egal ob erfahrener S\u00e4nger oder mutiger Anf\u00e4nger \u2013&nbsp;wir freuen uns \u00fcber jede M\u00e4nnerstimme, die unser Ensemble bereichert. Hast du Lust, mitzusingen? Dann schreib uns gerne und komm unverbindlich zu einer Probe vorbei.<\/p>\n\n\n\n<div class=\"wp-block-buttons is-content-justification-space-between is-layout-flex wp-container-core-buttons-is-layout-3d213aab wp-block-buttons-is-layout-flex\">\n<div class=\"wp-block-button has-custom-width wp-block-button__width-100 is-style-primary\"><a class=\"wp-block-button__link has-text-align-center wp-element-button\" href=\"https:\/\/notencocktail.de\/kontaktformular\" style=\"padding-right:var(--wp--preset--spacing--50);padding-left:var(--wp--preset--spacing--50)\" target=\"_blank\" rel=\"noreferrer noopener\">JETZT TEIL VOM COCKTAIL WERDEN<\/a><\/div>\n<\/div>\n\n\n\n<div style=\"height:20px\" aria-hidden=\"true\" class=\"wp-block-spacer\"><\/div>\n<\/div>\n\n\n\n<div class=\"wp-block-column is-vertically-aligned-center is-layout-flow wp-block-column-is-layout-flow\" style=\"flex-basis:50%\">\n<figure class=\"wp-block-image size-full\"><img loading=\"lazy\" decoding=\"async\" width=\"600\" height=\"600\" src=\"https:\/\/notencocktail.de\/wp-content\/uploads\/2024\/11\/Detailaufnahme-Notenblatt.png\" alt=\"\" class=\"wp-image-469\" srcset=\"https:\/\/notencocktail.de\/wp-content\/uploads\/2024\/11\/Detailaufnahme-Notenblatt.png 600w, https:\/\/notencocktail.de\/wp-content\/uploads\/2024\/11\/Detailaufnahme-Notenblatt-300x300.png 300w, https:\/\/notencocktail.de\/wp-content\/uploads\/2024\/11\/Detailaufnahme-Notenblatt-150x150.png 150w\" sizes=\"auto, (max-width: 600px) 100vw, 600px\" \/><\/figure>\n<\/div>\n<\/div>\n\n\n\n<div style=\"height:40px\" aria-hidden=\"true\" class=\"wp-block-spacer\"><\/div>\n<\/div><\/div>\n<\/div><\/div>\n\n\n\n<div class=\"wp-block-cover alignfull\" style=\"min-height:600px;aspect-ratio:unset;\"><span aria-hidden=\"true\" class=\"wp-block-cover__background has-nv-light-bg-background-color has-background-dim-100 has-background-dim\"><\/span><div class=\"wp-block-cover__inner-container is-layout-flow wp-block-cover-is-layout-flow\">\n<div style=\"height:100px\" aria-hidden=\"true\" class=\"wp-block-spacer\"><\/div>\n\n\n\n<div class=\"wp-block-group\"><div class=\"wp-block-group__inner-container is-layout-flow wp-block-group-is-layout-flow\">\n<h2 class=\"wp-block-heading has-text-align-center has-neve-text-color-color has-text-color has-link-color wp-elements-e44fd3d86ea7738d98966b0520bd1fbb\">Unsere Vorstandschaft<\/h2>\n\n\n\n<figure class=\"wp-block-gallery aligncenter has-nested-images columns-default is-cropped wp-block-gallery-1 is-layout-flex wp-block-gallery-is-layout-flex\">\n<figure class=\"wp-block-image size-large\"><img loading=\"lazy\" decoding=\"async\" width=\"1024\" height=\"767\" data-id=\"841\" src=\"https:\/\/notencocktail.de\/wp-content\/uploads\/2025\/10\/IMG_8194-1024x767.jpg\" alt=\"\" class=\"wp-image-841\" srcset=\"https:\/\/notencocktail.de\/wp-content\/uploads\/2025\/10\/IMG_8194-1024x767.jpg 1024w, https:\/\/notencocktail.de\/wp-content\/uploads\/2025\/10\/IMG_8194-300x225.jpg 300w, https:\/\/notencocktail.de\/wp-content\/uploads\/2025\/10\/IMG_8194-768x575.jpg 768w, https:\/\/notencocktail.de\/wp-content\/uploads\/2025\/10\/IMG_8194.jpg 1442w\" sizes=\"auto, (max-width: 1024px) 100vw, 1024px\" \/><\/figure>\n<\/figure>\n\n\n\n<div class=\"wp-block-columns is-layout-flex wp-container-core-columns-is-layout-9d6595d7 wp-block-columns-is-layout-flex\">\n<div class=\"wp-block-column is-layout-flow wp-block-column-is-layout-flow\" style=\"flex-basis:1142px\">\n<p class=\"has-neve-link-color-color has-text-color has-link-color wp-elements-4308832142bddfb5b7da8cacaf0f8089\" style=\"padding-top:0;padding-bottom:0\">v. links n. rechts: Gerhard Reich, Iris Eger, Anna Kern, Anette Fricker, Wenzel Weiland, Nicole Dej\u00e9ne-Schw\u00e4rzler, Johannes Weber, Gerhard Sutter, Hannah Karg<\/p>\n<\/div>\n<\/div>\n<\/div><\/div>\n<\/div><\/div>\n\n\n\n<p><\/p>\n","protected":false},"excerpt":{"rendered":"","protected":false},"author":1,"featured_media":0,"parent":0,"menu_order":0,"comment_status":"closed","ping_status":"closed","template":"","meta":{"neve_meta_sidebar":"default","neve_meta_container":"default","neve_meta_enable_content_width":"on","neve_meta_content_width":100,"neve_meta_title_alignment":"","neve_meta_author_avatar":"","neve_post_elements_order":"","neve_meta_disable_header":"","neve_meta_disable_footer":"","neve_meta_disable_title":"on","_themeisle_gutenberg_block_has_review":false,"footnotes":""},"class_list":["post-61","page","type-page","status-publish","hentry"],"_links":{"self":[{"href":"https:\/\/notencocktail.de\/\/wp-json\/wp\/v2\/pages\/61","targetHints":{"allow":["GET"]}}],"collection":[{"href":"https:\/\/notencocktail.de\/\/wp-json\/wp\/v2\/pages"}],"about":[{"href":"https:\/\/notencocktail.de\/\/wp-json\/wp\/v2\/types\/page"}],"author":[{"embeddable":true,"href":"https:\/\/notencocktail.de\/\/wp-json\/wp\/v2\/users\/1"}],"replies":[{"embeddable":true,"href":"https:\/\/notencocktail.de\/\/wp-json\/wp\/v2\/comments?post=61"}],"version-history":[{"count":19,"href":"https:\/\/notencocktail.de\/\/wp-json\/wp\/v2\/pages\/61\/revisions"}],"predecessor-version":[{"id":869,"href":"https:\/\/notencocktail.de\/\/wp-json\/wp\/v2\/pages\/61\/revisions\/869"}],"wp:attachment":[{"href":"https:\/\/notencocktail.de\/\/wp-json\/wp\/v2\/media?parent=61"}],"curies":[{"name":"wp","href":"https:\/\/api.w.org\/{rel}","templated":true}]}}