{"id":309,"date":"2020-01-13T11:17:52","date_gmt":"2020-01-13T11:17:52","guid":{"rendered":"https:\/\/demosites.io\/web-agency-gb\/?page_id=5"},"modified":"2025-10-28T20:27:20","modified_gmt":"2025-10-28T20:27:20","slug":"15c42-web-agency-gb-home","status":"publish","type":"page","link":"https:\/\/notencocktail.de\/\/","title":{"rendered":"Home"},"content":{"rendered":"\n<div class=\"wp-block-cover alignfull has-nv-text-dark-bg-color has-text-color has-link-color wp-elements-b07c2e0419688c7cbef9bb37d4f43387\" style=\"min-height:400px;aspect-ratio:unset;\"><img loading=\"lazy\" decoding=\"async\" width=\"1024\" height=\"768\" class=\"wp-block-cover__image-background wp-image-844 size-large\" alt=\"\" src=\"https:\/\/notencocktail.de\/wp-content\/uploads\/2025\/10\/PA170157-1024x768.jpg\" style=\"object-position:20% 49%\" data-object-fit=\"cover\" data-object-position=\"20% 49%\" srcset=\"https:\/\/notencocktail.de\/wp-content\/uploads\/2025\/10\/PA170157-1024x768.jpg 1024w, https:\/\/notencocktail.de\/wp-content\/uploads\/2025\/10\/PA170157-300x225.jpg 300w, https:\/\/notencocktail.de\/wp-content\/uploads\/2025\/10\/PA170157-768x576.jpg 768w, https:\/\/notencocktail.de\/wp-content\/uploads\/2025\/10\/PA170157-1536x1152.jpg 1536w, https:\/\/notencocktail.de\/wp-content\/uploads\/2025\/10\/PA170157-2048x1536.jpg 2048w\" sizes=\"auto, (max-width: 1024px) 100vw, 1024px\" \/><span aria-hidden=\"true\" class=\"wp-block-cover__background has-nv-dark-bg-background-color has-background-dim-60 has-background-dim\"><\/span><div class=\"wp-block-cover__inner-container is-layout-flow wp-block-cover-is-layout-flow\">\n<div style=\"height:80px\" aria-hidden=\"true\" class=\"wp-block-spacer\"><\/div>\n\n\n\n<h1 class=\"wp-block-heading has-text-align-center has-nv-site-bg-color has-text-color has-medium-font-size\">70 S\u00e4ngerinnen und S\u00e4nger,<br> ein Herz f\u00fcr die Musik,<br>1 Chor, der verbindet.<\/h1>\n\n\n\n<p class=\"has-text-align-center has-nv-site-bg-color has-text-color has-link-color wp-elements-6b72fc88189a02728c1db46af16d140f\"><br> Willkommen beim Opfenbacher Notencocktail.<br>Sch\u00f6n, dass ihr hier seid.<\/p>\n\n\n\n<div class=\"wp-block-buttons is-horizontal is-content-justification-center is-layout-flex wp-container-core-buttons-is-layout-499968f5 wp-block-buttons-is-layout-flex\">\n<div class=\"wp-block-button is-style-primary\"><a class=\"wp-block-button__link wp-element-button\" href=\"https:\/\/notencocktail.de\/ueber.uns\/\" target=\"_blank\" rel=\"noreferrer noopener\">MEHR \u00dcBER UNS<\/a><\/div>\n\n\n\n<div class=\"wp-block-button is-style-secondary\"><a class=\"wp-block-button__link has-nv-site-bg-color has-text-color has-link-color wp-element-button\" href=\"https:\/\/notencocktail.de\/kontaktformular\/\" target=\"_blank\" rel=\"noreferrer noopener\">ANFRAGE SCHICKEN<\/a><\/div>\n<\/div>\n\n\n\n<div style=\"height:80px\" aria-hidden=\"true\" class=\"wp-block-spacer\"><\/div>\n<\/div><\/div>\n\n\n\n<div style=\"height:80px\" aria-hidden=\"true\" class=\"wp-block-spacer\"><\/div>\n\n\n\n<div class=\"wp-block-columns is-layout-flex wp-container-core-columns-is-layout-9d6595d7 wp-block-columns-is-layout-flex\">\n<div class=\"wp-block-column is-layout-flow wp-block-column-is-layout-flow\"><div class=\"wp-block-image icon-style is-style-rounded\">\n<figure class=\"aligncenter size-full\"><img loading=\"lazy\" decoding=\"async\" width=\"72\" height=\"72\" src=\"https:\/\/notencocktail.de\/wp-content\/uploads\/2024\/11\/Icon_Gemeinschaft.png\" alt=\"\" class=\"wp-image-451\" title=\"\"\/><\/figure>\n<\/div>\n\n\n<div style=\"height:20px\" aria-hidden=\"true\" class=\"wp-block-spacer\"><\/div>\n\n\n\n<h3 class=\"wp-block-heading has-text-align-center has-neve-text-color-color has-text-color\">Gemeinschaft<\/h3>\n\n\n\n<p class=\"has-text-align-center\">Wir sind mehr als nur ein Chor \u2013 wir sind eine Familie. Bei uns steht das Miteinander im Vordergrund, und jeder ist willkommen.<\/p>\n\n\n\n<div style=\"height:20px\" aria-hidden=\"true\" class=\"wp-block-spacer\"><\/div>\n<\/div>\n\n\n\n<div class=\"wp-block-column is-layout-flow wp-block-column-is-layout-flow\"><div class=\"wp-block-image icon-style is-style-rounded\">\n<figure class=\"aligncenter size-full\"><img loading=\"lazy\" decoding=\"async\" width=\"72\" height=\"72\" src=\"https:\/\/notencocktail.de\/wp-content\/uploads\/2024\/11\/Icon_Leidenschaft.png\" alt=\"\" class=\"wp-image-448\"\/><\/figure>\n<\/div>\n\n\n<div style=\"height:20px\" aria-hidden=\"true\" class=\"wp-block-spacer\"><\/div>\n\n\n\n<h3 class=\"wp-block-heading has-text-align-center has-neve-text-color-color has-text-color\">Leidenschaft<\/h3>\n\n\n\n<p class=\"has-text-align-center\">Unsere Liebe zur Musik treibt uns an. Mit Herz und Seele singen wir und teilen unsere Begeisterung mit unserem Publikum.<\/p>\n\n\n\n<div style=\"height:20px\" aria-hidden=\"true\" class=\"wp-block-spacer\"><\/div>\n<\/div>\n\n\n\n<div class=\"wp-block-column is-layout-flow wp-block-column-is-layout-flow\"><div class=\"wp-block-image icon-style is-style-rounded\">\n<figure class=\"aligncenter size-full\"><img loading=\"lazy\" decoding=\"async\" width=\"72\" height=\"72\" src=\"https:\/\/notencocktail.de\/wp-content\/uploads\/2024\/11\/Icon_Vielfalt.png\" alt=\"\" class=\"wp-image-449\"\/><\/figure>\n<\/div>\n\n\n<div style=\"height:20px\" aria-hidden=\"true\" class=\"wp-block-spacer\"><\/div>\n\n\n\n<h3 class=\"wp-block-heading has-text-align-center has-neve-text-color-color has-text-color\">Vielfalt<\/h3>\n\n\n\n<p class=\"has-text-align-center\">&#8222;Langweiliger Kirchenchor?&#8220; Kommt uns nicht in die T\u00fcte. Unser Repertoire ist bunt: Von traditionellen Liedern bis zu modernen Pop-Arrangements \u2013 bei uns ist f\u00fcr jeden etwas dabei.<\/p>\n\n\n\n<div style=\"height:20px\" aria-hidden=\"true\" class=\"wp-block-spacer\"><\/div>\n<\/div>\n<\/div>\n\n\n\n<div class=\"wp-block-cover alignfull\" style=\"min-height:300px;aspect-ratio:unset;\"><span aria-hidden=\"true\" class=\"wp-block-cover__background has-nv-dark-bg-background-color has-background-dim-100 has-background-dim\"><\/span><div class=\"wp-block-cover__inner-container is-layout-flow wp-block-cover-is-layout-flow\">\n<div style=\"height:140px\" aria-hidden=\"true\" class=\"wp-block-spacer\"><\/div>\n\n\n\n<h2 class=\"wp-block-heading has-text-align-center has-nv-text-dark-bg-color has-text-color\">Wir freuen uns von Euch zu h\u00f6ren!<\/h2>\n\n\n\n<p class=\"has-text-align-center has-nv-site-bg-color has-text-color has-link-color wp-elements-68e16e6a7faad84c9069d05852b70c58\">Ihr habt Fragen, Anregungen oder m\u00f6chtet einfach nur \u201cHallo\u201d sagen? <br>Egal ob ihr mehr \u00fcber unseren Chor erfahren m\u00f6chtet, Interesse habt, bei uns mitzusingen, oder uns f\u00fcr einen Auftritt buchen wollt \u2013 schreibt uns gerne an. Wir sind gespannt auf eure Nachrichten und melden uns so schnell wie m\u00f6glich zur\u00fcck.<\/p>\n\n\n\n<div class=\"wp-block-buttons is-horizontal is-content-justification-center is-layout-flex wp-container-core-buttons-is-layout-499968f5 wp-block-buttons-is-layout-flex\">\n<div class=\"wp-block-button is-style-primary\"><a class=\"wp-block-button__link wp-element-button\" href=\"https:\/\/notencocktail.de\/kontaktformular\/\" target=\"_blank\" rel=\"noreferrer noopener\">NACHRICHT DA LASSEN<\/a><\/div>\n<\/div>\n\n\n\n<div style=\"height:140px\" aria-hidden=\"true\" class=\"wp-block-spacer\"><\/div>\n<\/div><\/div>\n","protected":false},"excerpt":{"rendered":"<p>Gemeinschaft Wir sind mehr als nur ein Chor \u2013 wir sind eine Familie. Bei uns steht das Miteinander im Vordergrund, und jeder ist willkommen. Leidenschaft Unsere Liebe zur Musik treibt&hellip;&nbsp;<a href=\"https:\/\/notencocktail.de\/\/\" rel=\"bookmark\">Weiterlesen &raquo;<span class=\"screen-reader-text\">Home<\/span><\/a><\/p>\n","protected":false},"author":1,"featured_media":483,"parent":0,"menu_order":0,"comment_status":"closed","ping_status":"closed","template":"","meta":{"neve_meta_sidebar":"default","neve_meta_container":"default","neve_meta_enable_content_width":"on","neve_meta_content_width":100,"neve_meta_title_alignment":"","neve_meta_author_avatar":"","neve_post_elements_order":"","neve_meta_disable_header":"off","neve_meta_disable_footer":"off","neve_meta_disable_title":"on","_themeisle_gutenberg_block_has_review":false,"footnotes":""},"class_list":["post-309","page","type-page","status-publish","has-post-thumbnail","hentry"],"_links":{"self":[{"href":"https:\/\/notencocktail.de\/\/wp-json\/wp\/v2\/pages\/309","targetHints":{"allow":["GET"]}}],"collection":[{"href":"https:\/\/notencocktail.de\/\/wp-json\/wp\/v2\/pages"}],"about":[{"href":"https:\/\/notencocktail.de\/\/wp-json\/wp\/v2\/types\/page"}],"author":[{"embeddable":true,"href":"https:\/\/notencocktail.de\/\/wp-json\/wp\/v2\/users\/1"}],"replies":[{"embeddable":true,"href":"https:\/\/notencocktail.de\/\/wp-json\/wp\/v2\/comments?post=309"}],"version-history":[{"count":52,"href":"https:\/\/notencocktail.de\/\/wp-json\/wp\/v2\/pages\/309\/revisions"}],"predecessor-version":[{"id":854,"href":"https:\/\/notencocktail.de\/\/wp-json\/wp\/v2\/pages\/309\/revisions\/854"}],"wp:featuredmedia":[{"embeddable":true,"href":"https:\/\/notencocktail.de\/\/wp-json\/wp\/v2\/media\/483"}],"wp:attachment":[{"href":"https:\/\/notencocktail.de\/\/wp-json\/wp\/v2\/media?parent=309"}],"curies":[{"name":"wp","href":"https:\/\/api.w.org\/{rel}","templated":true}]}}